{"id":3821,"date":"2026-03-09T10:32:02","date_gmt":"2026-03-09T09:32:02","guid":{"rendered":"https:\/\/bilky.es\/?page_id=3821"},"modified":"2026-03-09T11:43:10","modified_gmt":"2026-03-09T10:43:10","slug":"security","status":"publish","type":"page","link":"https:\/\/bilky.es\/en\/seguridad\/","title":{"rendered":"Security"},"content":{"rendered":"<div class=\"wp-block-group has-white-background-color has-background is-right-after-header\"><div class=\"wp-block-group__inner-container is-layout-constrained wp-block-group-is-layout-constrained\">\n<section class=\"mwm-section-07 mwm-section-07--center mwm-section-07--background-white\">\n\t<div class=\"mwm-section-07__wrapper\">\n\t\t\t\t\t<div class=\"mwm-section-07__breadcrumbs\">\n\t\t\t\t\t\t\t\t<div class=\"mwm-button mwm-button--outline mwm-button--secundary mwm-button--sm mwm-button--tag\"><span class=\"mwm-button__dot mwm-button__dot--sm\"><\/span><span class=\"mwm-button__text\">Security<\/span><\/div>\t\t\t\t\n\t\t\t\t\n\t\t\t\t\t\t\t<\/div>\n\t\t\n\t\t<div class=\"mwm-section-07__content\">\n\t\t\t\t\t\t\t<h2 class=\"mwm-section-07__title is-style-h-100\">\n\t\t\t\t\t<span class=\"mwm-section-07__title-line\">Security and data protection at Bilky.<\/span>\t\t\t\t<\/h2>\n\t\t\t\n\t\t\t\t\t\t\t<div class=\"mwm-section-07__text-body is-style-b-200\">\n\t\t\t\t\t<p>At Bilky we know that your data is one of the most important assets of your consultancy or company. That is why we design our platform with the highest standards of security, privacy and transparency. We work every day to ensure that your information is protected, complying with European regulations and applying advanced security technologies.<\/p>\n\t\t\t\t<\/div>\n\t\t\t\n\t\t\t\t\t\t\t<div class=\"mwm-section-07__button\">\n\t\t\t\t\t<a href=\"https:\/\/bilky.es\/en\/contact\/\" class=\"mwm-button mwm-button--fill-icon mwm-button--primary mwm-button--xl mwm-button--active-focus\"><span class=\"mwm-button__text\">RequestInformation<\/span><span class=\"mwm-button__icon mwm-button__icon--xl\"><i class=\"fa-solid fa-chevron-right\"><\/i><\/span><\/a>\t\t\t\t\t\t\t\t\t<\/div>\n\t\t\t\n\t\t\t\t\t<\/div>\n\t<\/div>\n<\/section>\n\n\n\n\n<section class=\"mwm-section-10 mwm-section-10--width-wide mwm-card-06--v2\">\n\t<div class=\"mwm-section-10__wrapper\">\n\t\t\t\t\t\t\t\t<article class=\"mwm-card-06 mwm-card-06--v2\">\n\t\t\t\t<div class=\"mwm-card-06__header\">\n\t\t\t\t\t\n\t\t\t\t\t<div class=\"mwm-card-06__icon-wrapper\">\n\t\t\t\t\t\t\t\t\t\t\t\t\t<div class=\"mwm-card-06__icon\">\n\t\t\t\t\t\t\t\t<div class=\"mwm-icon-circle mwm-icon-circle--fill-icon mwm-icon-circle--primary mwm-icon-circle--md\"><i class=\"fa-solid fa-check-circle\"><\/i><\/div>\t\t\t\t\t\t\t<\/div>\n\t\t\t\t\t\t\n\t\t\t\t\t\t<h3 class=\"mwm-card-06__title is-style-h-500\">\n\t\t\t\t\t\t\tWe take care of your data\t\t\t\t\t\t<\/h3>\n\t\t\t\t\t<\/div>\n\t\t\t\t\t\t\t\t\t\t\t<div class=\"mwm-card-06__description is-style-b-200\">\n\t\t\t\t\t\t\t<p data-start=\"795\" data-end=\"1076\">Trust is the basis of our relationship with our customers. Currently, more than <strong data-start=\"882\" data-end=\"939\">250,000 consultants, companies and employees throughout Europe<\/strong> trust Bilky to manage their information. We value that trust and take full responsibility for the protection of your data.<\/p>\n<p data-start=\"1078\" data-end=\"1237\">To live up to that trust, Bilky's design and evolution are centered on three fundamental pillars: <strong data-start=\"1195\" data-end=\"1236\">transparency, security and privacy<\/strong>.<\/p>\n\t\t\t\t\t\t<\/div>\n\t\t\t\t\t\t\t\t\t<\/div>\n\n\n\t\t\t\t\n\t\t\t\t\t\t\t<\/article>\n\t\t\t\t\t\t\t\t<article class=\"mwm-card-06 mwm-card-06--v2\">\n\t\t\t\t<div class=\"mwm-card-06__header\">\n\t\t\t\t\t\n\t\t\t\t\t<div class=\"mwm-card-06__icon-wrapper\">\n\t\t\t\t\t\t\t\t\t\t\t\t\t<div class=\"mwm-card-06__icon\">\n\t\t\t\t\t\t\t\t<div class=\"mwm-icon-circle mwm-icon-circle--fill-icon mwm-icon-circle--primary mwm-icon-circle--md\"><i class=\"fa-solid fa-check-circle\"><\/i><\/div>\t\t\t\t\t\t\t<\/div>\n\t\t\t\t\t\t\n\t\t\t\t\t\t<h3 class=\"mwm-card-06__title is-style-h-500\">\n\t\t\t\t\t\t\tTransparency: trust and verification\t\t\t\t\t\t<\/h3>\n\t\t\t\t\t<\/div>\n\t\t\t\t\t\t\t\t\t\t\t<div class=\"mwm-card-06__description is-style-b-200\">\n\t\t\t\t\t\t\t<p data-start=\"193\" data-end=\"501\">At Bilky we believe that safety must be <strong data-start=\"236\" data-end=\"269\">clear, verifiable and audited<\/strong>. That is why we are certified <strong data-start=\"309\" data-end=\"322\">ISO 27001<\/strong>, granted by <strong data-start=\"337\" data-end=\"355\">Bureau Veritas<\/strong>, The company's information security management system for the development and maintenance of our applications and web services.<\/p>\n<p data-start=\"503\" data-end=\"841\">In addition, we work with <strong data-start=\"526\" data-end=\"536\">PRODAT<\/strong>, consulting firm specializing in <strong data-start=\"566\" data-end=\"596\">Data Protection and GDPR<\/strong>, which audits and certifies the correct treatment of information. Periodically, external and independent auditors review our controls and procedures to ensure compliance with the highest security standards.<\/p>\n\t\t\t\t\t\t<\/div>\n\t\t\t\t\t\t\t\t\t<\/div>\n\n\n\t\t\t\t\n\t\t\t\t\t\t\t<\/article>\n\t\t\t<\/div>\n<\/section>\n\n\n\n\n<section class=\"mwm-section-10 mwm-section-10--width-wide mwm-card-06--v2\">\n\t<div class=\"mwm-section-10__wrapper\">\n\t\t\t\t\t\t\t\t<article class=\"mwm-card-06 mwm-card-06--v2\">\n\t\t\t\t<div class=\"mwm-card-06__header\">\n\t\t\t\t\t\n\t\t\t\t\t<div class=\"mwm-card-06__icon-wrapper\">\n\t\t\t\t\t\t\t\t\t\t\t\t\t<div class=\"mwm-card-06__icon\">\n\t\t\t\t\t\t\t\t<div class=\"mwm-icon-circle mwm-icon-circle--fill-icon mwm-icon-circle--primary mwm-icon-circle--md\"><i class=\"fa-solid fa-check-circle\"><\/i><\/div>\t\t\t\t\t\t\t<\/div>\n\t\t\t\t\t\t\n\t\t\t\t\t\t<h3 class=\"mwm-card-06__title is-style-h-500\">\n\t\t\t\t\t\t\tSecurity: protection and control\t\t\t\t\t\t<\/h3>\n\t\t\t\t\t<\/div>\n\t\t\t\t\t\t\t\t\t\t\t<div class=\"mwm-card-06__description is-style-b-200\">\n\t\t\t\t\t\t\t<p data-start=\"885\" data-end=\"1101\">Bilky's security is based on <strong data-start=\"918\" data-end=\"951\">multiple layers of protection<\/strong>, including secure data transfer, data encryption, advanced network configuration and application-level security controls.<\/p>\n<p data-start=\"1103\" data-end=\"1459\">Our infrastructure is hosted at <strong data-start=\"1143\" data-end=\"1175\">World-class data centers<\/strong> like <strong data-start=\"1181\" data-end=\"1213\">AWS, Digital Ocean and Hetzner<\/strong>, located in Spain, the Netherlands and Germany. As they are located within the European Union, these centers guarantee compliance with the <strong data-start=\"1343\" data-end=\"1351\">RGPD<\/strong> and have strict physical and logical security systems in place to protect all information.<\/p>\n\t\t\t\t\t\t<\/div>\n\t\t\t\t\t\t\t\t\t<\/div>\n\n\n\t\t\t\t\n\t\t\t\t\t\t\t<\/article>\n\t\t\t\t\t\t\t\t<article class=\"mwm-card-06 mwm-card-06--v2\">\n\t\t\t\t<div class=\"mwm-card-06__header\">\n\t\t\t\t\t\n\t\t\t\t\t<div class=\"mwm-card-06__icon-wrapper\">\n\t\t\t\t\t\t\t\t\t\t\t\t\t<div class=\"mwm-card-06__icon\">\n\t\t\t\t\t\t\t\t<div class=\"mwm-icon-circle mwm-icon-circle--fill-icon mwm-icon-circle--primary mwm-icon-circle--md\"><i class=\"fa-solid fa-check-circle\"><\/i><\/div>\t\t\t\t\t\t\t<\/div>\n\t\t\t\t\t\t\n\t\t\t\t\t\t<h3 class=\"mwm-card-06__title is-style-h-500\">\n\t\t\t\t\t\t\tPrivacy: our commitment\t\t\t\t\t\t<\/h3>\n\t\t\t\t\t<\/div>\n\t\t\t\t\t\t\t\t\t\t\t<div class=\"mwm-card-06__description is-style-b-200\">\n\t\t\t\t\t\t\t<p data-start=\"2823\" data-end=\"2890\">Data privacy is a fundamental commitment for Bilky.<\/p>\n<p data-start=\"2892\" data-end=\"3071\">Our distributed infrastructure incorporates different levels of protection and we perform <strong data-start=\"2984\" data-end=\"3019\">periodic safety tests<\/strong> to detect and correct possible vulnerabilities.<\/p>\n<p data-start=\"3073\" data-end=\"3187\">We are committed to protecting your information, both <strong data-start=\"3124\" data-end=\"3153\">personal as well as professional<\/strong>, against unauthorized access.<\/p>\n<p data-start=\"3189\" data-end=\"3354\">Our <strong data-start=\"3197\" data-end=\"3223\">Privacy Policy<\/strong>, <strong data-start=\"3225\" data-end=\"3240\">Legal Notice<\/strong> y <strong data-start=\"3243\" data-end=\"3271\">Terms of Service<\/strong> clearly describe how we collect, use and protect information.<\/p>\n<p data-start=\"3356\" data-end=\"3453\">Our objective is simple: <strong data-start=\"3384\" data-end=\"3452\">ensure that your data is always secure and under your control<\/strong>.<\/p>\n<p>&nbsp;<\/p>\n\t\t\t\t\t\t<\/div>\n\t\t\t\t\t\t\t\t\t<\/div>\n\n\n\t\t\t\t\n\t\t\t\t\t\t\t<\/article>\n\t\t\t<\/div>\n<\/section>\n\n<\/div><\/div>","protected":false},"excerpt":{"rendered":"","protected":false},"author":7,"featured_media":0,"parent":0,"menu_order":0,"comment_status":"closed","ping_status":"closed","template":"","meta":{"_acf_changed":false,"_editorskit_title_hidden":false,"_editorskit_reading_time":0,"_editorskit_is_block_options_detached":false,"_editorskit_block_options_position":"{}","inline_featured_image":false,"footnotes":""},"class_list":["post-3821","page","type-page","status-publish","hentry"],"acf":[],"yoast_head":"<!-- This site is optimized with the Yoast SEO plugin v27.3 - https:\/\/yoast.com\/product\/yoast-seo-wordpress\/ -->\n<title>Bilky | Seguridad y protecci\u00f3n de datos<\/title>\n<meta name=\"description\" content=\"Bilky garantiza la seguridad y protecci\u00f3n de tus datos con certificaci\u00f3n ISO 27001, auditor\u00edas externas y centros de datos seguros en la Uni\u00f3n Europea.\" \/>\n<meta name=\"robots\" content=\"index, follow, max-snippet:-1, max-image-preview:large, max-video-preview:-1\" \/>\n<link rel=\"canonical\" href=\"https:\/\/bilky.es\/en\/security\/\" \/>\n<meta property=\"og:locale\" content=\"en_US\" \/>\n<meta property=\"og:type\" content=\"article\" \/>\n<meta property=\"og:title\" content=\"Seguridad y protecci\u00f3n de datos en Bilky\" \/>\n<meta property=\"og:description\" content=\"En Bilky protegemos tu informaci\u00f3n con certificaci\u00f3n ISO 27001, auditor\u00edas externas y centros de datos seguros dentro de la Uni\u00f3n Europea.\" \/>\n<meta property=\"og:url\" content=\"https:\/\/bilky.es\/en\/security\/\" \/>\n<meta property=\"og:site_name\" content=\"Bilky\" \/>\n<meta property=\"article:modified_time\" content=\"2026-03-09T10:43:10+00:00\" \/>\n<meta property=\"og:image\" content=\"https:\/\/bilky.es\/wp-content\/uploads\/2026\/02\/bilky-toda-tu-gestion-un-solo-portal.webp\" \/>\n\t<meta property=\"og:image:width\" content=\"6022\" \/>\n\t<meta property=\"og:image:height\" content=\"3389\" \/>\n\t<meta property=\"og:image:type\" content=\"image\/webp\" \/>\n<meta name=\"twitter:card\" content=\"summary_large_image\" \/>\n<script type=\"application\/ld+json\" class=\"yoast-schema-graph\">{\"@context\":\"https:\\\/\\\/schema.org\",\"@graph\":[{\"@type\":\"WebPage\",\"@id\":\"https:\\\/\\\/bilky.es\\\/seguridad\\\/\",\"url\":\"https:\\\/\\\/bilky.es\\\/seguridad\\\/\",\"name\":\"Bilky | Seguridad y protecci\u00f3n de datos\",\"isPartOf\":{\"@id\":\"https:\\\/\\\/bilky.es\\\/#website\"},\"datePublished\":\"2026-03-09T09:32:02+00:00\",\"dateModified\":\"2026-03-09T10:43:10+00:00\",\"description\":\"Bilky garantiza la seguridad y protecci\u00f3n de tus datos con certificaci\u00f3n ISO 27001, auditor\u00edas externas y centros de datos seguros en la Uni\u00f3n Europea.\",\"breadcrumb\":{\"@id\":\"https:\\\/\\\/bilky.es\\\/seguridad\\\/#breadcrumb\"},\"inLanguage\":\"en-US\",\"potentialAction\":[{\"@type\":\"ReadAction\",\"target\":[\"https:\\\/\\\/bilky.es\\\/seguridad\\\/\"]}]},{\"@type\":\"BreadcrumbList\",\"@id\":\"https:\\\/\\\/bilky.es\\\/seguridad\\\/#breadcrumb\",\"itemListElement\":[{\"@type\":\"ListItem\",\"position\":1,\"name\":\"Portada\",\"item\":\"https:\\\/\\\/bilky.es\\\/\"},{\"@type\":\"ListItem\",\"position\":2,\"name\":\"Seguridad\"}]},{\"@type\":\"WebSite\",\"@id\":\"https:\\\/\\\/bilky.es\\\/#website\",\"url\":\"https:\\\/\\\/bilky.es\\\/\",\"name\":\"Bilky\",\"description\":\"Toda tu gesti\u00f3n, un solo portal\",\"publisher\":{\"@id\":\"https:\\\/\\\/bilky.es\\\/#organization\"},\"potentialAction\":[{\"@type\":\"SearchAction\",\"target\":{\"@type\":\"EntryPoint\",\"urlTemplate\":\"https:\\\/\\\/bilky.es\\\/?s={search_term_string}\"},\"query-input\":{\"@type\":\"PropertyValueSpecification\",\"valueRequired\":true,\"valueName\":\"search_term_string\"}}],\"inLanguage\":\"en-US\"},{\"@type\":\"Organization\",\"@id\":\"https:\\\/\\\/bilky.es\\\/#organization\",\"name\":\"Bilky\",\"url\":\"https:\\\/\\\/bilky.es\\\/\",\"logo\":{\"@type\":\"ImageObject\",\"inLanguage\":\"en-US\",\"@id\":\"https:\\\/\\\/bilky.es\\\/#\\\/schema\\\/logo\\\/image\\\/\",\"url\":\"https:\\\/\\\/bilky.es\\\/wp-content\\\/uploads\\\/2025\\\/12\\\/logo-bilky.svg\",\"contentUrl\":\"https:\\\/\\\/bilky.es\\\/wp-content\\\/uploads\\\/2025\\\/12\\\/logo-bilky.svg\",\"width\":81,\"height\":32,\"caption\":\"Bilky\"},\"image\":{\"@id\":\"https:\\\/\\\/bilky.es\\\/#\\\/schema\\\/logo\\\/image\\\/\"}}]}<\/script>\n<!-- \/ Yoast SEO plugin. -->","yoast_head_json":{"title":"Bilky | Security and data protection","description":"Bilky guarantees the security and protection of your data with ISO 27001 certification, external audits and secure data centers in the European Union.","robots":{"index":"index","follow":"follow","max-snippet":"max-snippet:-1","max-image-preview":"max-image-preview:large","max-video-preview":"max-video-preview:-1"},"canonical":"https:\/\/bilky.es\/en\/security\/","og_locale":"en_US","og_type":"article","og_title":"Seguridad y protecci\u00f3n de datos en Bilky","og_description":"En Bilky protegemos tu informaci\u00f3n con certificaci\u00f3n ISO 27001, auditor\u00edas externas y centros de datos seguros dentro de la Uni\u00f3n Europea.","og_url":"https:\/\/bilky.es\/en\/security\/","og_site_name":"Bilky","article_modified_time":"2026-03-09T10:43:10+00:00","og_image":[{"width":6022,"height":3389,"url":"https:\/\/bilky.es\/wp-content\/uploads\/2026\/02\/bilky-toda-tu-gestion-un-solo-portal.webp","type":"image\/webp"}],"twitter_card":"summary_large_image","schema":{"@context":"https:\/\/schema.org","@graph":[{"@type":"WebPage","@id":"https:\/\/bilky.es\/seguridad\/","url":"https:\/\/bilky.es\/seguridad\/","name":"Bilky | Security and data protection","isPartOf":{"@id":"https:\/\/bilky.es\/#website"},"datePublished":"2026-03-09T09:32:02+00:00","dateModified":"2026-03-09T10:43:10+00:00","description":"Bilky guarantees the security and protection of your data with ISO 27001 certification, external audits and secure data centers in the European Union.","breadcrumb":{"@id":"https:\/\/bilky.es\/seguridad\/#breadcrumb"},"inLanguage":"en-US","potentialAction":[{"@type":"ReadAction","target":["https:\/\/bilky.es\/seguridad\/"]}]},{"@type":"BreadcrumbList","@id":"https:\/\/bilky.es\/seguridad\/#breadcrumb","itemListElement":[{"@type":"ListItem","position":1,"name":"Portada","item":"https:\/\/bilky.es\/"},{"@type":"ListItem","position":2,"name":"Seguridad"}]},{"@type":"WebSite","@id":"https:\/\/bilky.es\/#website","url":"https:\/\/bilky.es\/","name":"Bilky","description":"All your management, a single portal","publisher":{"@id":"https:\/\/bilky.es\/#organization"},"potentialAction":[{"@type":"SearchAction","target":{"@type":"EntryPoint","urlTemplate":"https:\/\/bilky.es\/?s={search_term_string}"},"query-input":{"@type":"PropertyValueSpecification","valueRequired":true,"valueName":"search_term_string"}}],"inLanguage":"en-US"},{"@type":"Organization","@id":"https:\/\/bilky.es\/#organization","name":"Bilky","url":"https:\/\/bilky.es\/","logo":{"@type":"ImageObject","inLanguage":"en-US","@id":"https:\/\/bilky.es\/#\/schema\/logo\/image\/","url":"https:\/\/bilky.es\/wp-content\/uploads\/2025\/12\/logo-bilky.svg","contentUrl":"https:\/\/bilky.es\/wp-content\/uploads\/2025\/12\/logo-bilky.svg","width":81,"height":32,"caption":"Bilky"},"image":{"@id":"https:\/\/bilky.es\/#\/schema\/logo\/image\/"}}]}},"jetpack_sharing_enabled":true,"jetpack_shortlink":"https:\/\/wp.me\/Ph5pxc-ZD","_links":{"self":[{"href":"https:\/\/bilky.es\/en\/wp-json\/wp\/v2\/pages\/3821","targetHints":{"allow":["GET"]}}],"collection":[{"href":"https:\/\/bilky.es\/en\/wp-json\/wp\/v2\/pages"}],"about":[{"href":"https:\/\/bilky.es\/en\/wp-json\/wp\/v2\/types\/page"}],"author":[{"embeddable":true,"href":"https:\/\/bilky.es\/en\/wp-json\/wp\/v2\/users\/7"}],"replies":[{"embeddable":true,"href":"https:\/\/bilky.es\/en\/wp-json\/wp\/v2\/comments?post=3821"}],"version-history":[{"count":10,"href":"https:\/\/bilky.es\/en\/wp-json\/wp\/v2\/pages\/3821\/revisions"}],"predecessor-version":[{"id":3860,"href":"https:\/\/bilky.es\/en\/wp-json\/wp\/v2\/pages\/3821\/revisions\/3860"}],"wp:attachment":[{"href":"https:\/\/bilky.es\/en\/wp-json\/wp\/v2\/media?parent=3821"}],"curies":[{"name":"wp","href":"https:\/\/api.w.org\/{rel}","templated":true}]}}