{"id":1298,"date":"2026-01-22T16:12:39","date_gmt":"2026-01-22T15:12:39","guid":{"rendered":"https:\/\/bilky.es\/?page_id=1298"},"modified":"2026-02-12T17:12:12","modified_gmt":"2026-02-12T16:12:12","slug":"register","status":"publish","type":"page","link":"https:\/\/bilky.es\/en\/registrar\/","title":{"rendered":"Register"},"content":{"rendered":"<div class=\"wp-block-group has-white-background-color has-background is-right-after-header\"><div class=\"wp-block-group__inner-container is-layout-constrained wp-block-group-is-layout-constrained\">\n<section class=\"mwm-section-16\">\n\t<div class=\"mwm-section-16__wrapper\">\n\t\t<div class=\"mwm-section-16__header\">\n\t\t\t<div class=\"mwm-section-07 mwm-section-07--center mwm-section-07--background-white\">\n\t\t\t\t<div class=\"mwm-section-07__wrapper\">\n\t\t\t\t\t\t\t\t\t\t\t<div class=\"mwm-section-07__breadcrumbs\">\n\t\t\t\t\t\t\t\t\t\t\t\t\t\t\t<div class=\"mwm-button mwm-button--outline mwm-button--secundary mwm-button--sm mwm-button--tag\"><span class=\"mwm-button__dot mwm-button__dot--sm\"><\/span><span class=\"mwm-button__text\">Register<\/span><\/div>\t\t\t\t\t\t\t\n\t\t\t\t\t\t\t\t\t\t\t\t\t<\/div>\n\t\t\t\t\t\n\t\t\t\t\t<div class=\"mwm-section-07__content\">\n\t\t\t\t\t\t\t\t\t\t\t\t\t<h2 class=\"mwm-section-07__title is-style-h-100\">\n\t\t\t\t\t\t\t\t<span class=\"mwm-section-07__title-line\">How do you want to register?<\/span>\t\t\t\t\t\t\t<\/h2>\n\t\t\t\t\t\t\n\t\t\t\t\t\t\t\t\t\t\t<\/div>\n\t\t\t\t<\/div>\n\t\t\t<\/div>\n\t\t<\/div>\n\n\t\t\n\t\t\t\t\t<div class=\"mwm-section-16__list\">\n\t\t\t\t\t\t<article class=\"mwm-card-05 mwm-card-05--bg-grey mwm-card-05--media-logo\">\n\t\t<div class=\"mwm-card-05__wrapper\">\n\t\t\t\n\t\t\t\t\t\t\t<div class=\"mwm-card-05__content\">\n\t\t\t\t\t<h3 class=\"mwm-card-05__title is-style-h-300\">\n\t\t\t\t\t\tSelect the type of entity you are to register.\t\t\t\t\t<\/h3>\n\n\t\t\t\t\t\n\t\t\t\t\t\t\t\t\t<\/div>\n\t\t\t\t\t<\/div>\n\t<\/article>\n\t\t<article class=\"mwm-card-05 mwm-card-05--bg-grey mwm-card-05--media-logo\">\n\t\t<div class=\"mwm-card-05__wrapper\">\n\t\t\t\t\t\t\t<div class=\"mwm-card-05__media\">\n\t\t\t\t\t\t\t\t\t\t\t<a href=\"https:\/\/panel.bilky.es\/register\/consultant\" target=\"_blank\" rel=\"noopener noreferrer\"><\/a>\n\t\t\t\t\t\t\t\t\t\t<img loading=\"lazy\" decoding=\"async\" width=\"271\" height=\"146\" src=\"https:\/\/bilky.es\/wp-content\/uploads\/2026\/01\/icon-circle-asesor-bilky-4.svg\" class=\"attachment-full size-full\" alt=\"Advisor\" \/>\t\t\t\t<\/div>\n\t\t\t\n\t\t\t\t\t\t\t<div class=\"mwm-card-05__content\">\n\t\t\t\t\t<h3 class=\"mwm-card-05__title is-style-h-300\">\n\t\t\t\t\t\tAdvisor\t\t\t\t\t<\/h3>\n\n\t\t\t\t\t\n\t\t\t\t\t\t\t\t\t\t\t<div class=\"mwm-card-05__button\">\n\t\t\t\t\t\t\t<a href=\"https:\/\/panel.bilky.es\/register\/consultant\" class=\"mwm-button mwm-button--fill mwm-button--terciary mwm-button--sm mwm-button--active-focus\" target=\"_blank\" rel=\"noopener noreferrer\"><span class=\"mwm-button__text\">Start registration<\/span><\/a>\t\t\t\t\t\t<\/div>\n\t\t\t\t\t\t\t\t\t<\/div>\n\t\t\t\t\t<\/div>\n\t<\/article>\n\t\t<article class=\"mwm-card-05 mwm-card-05--bg-grey mwm-card-05--media-logo\">\n\t\t<div class=\"mwm-card-05__wrapper\">\n\t\t\t\t\t\t\t<div class=\"mwm-card-05__media\">\n\t\t\t\t\t\t\t\t\t\t\t<a href=\"https:\/\/panel.bilky.es\/register\/business\" target=\"_blank\" rel=\"noopener noreferrer\"><\/a>\n\t\t\t\t\t\t\t\t\t\t<img loading=\"lazy\" decoding=\"async\" width=\"271\" height=\"146\" src=\"https:\/\/bilky.es\/wp-content\/uploads\/2026\/01\/icon-circle-empleado-bilky-3.svg\" class=\"attachment-full size-full\" alt=\"Company\" \/>\t\t\t\t<\/div>\n\t\t\t\n\t\t\t\t\t\t\t<div class=\"mwm-card-05__content\">\n\t\t\t\t\t<h3 class=\"mwm-card-05__title is-style-h-300\">\n\t\t\t\t\t\tCompany\t\t\t\t\t<\/h3>\n\n\t\t\t\t\t\n\t\t\t\t\t\t\t\t\t\t\t<div class=\"mwm-card-05__button\">\n\t\t\t\t\t\t\t<a href=\"https:\/\/panel.bilky.es\/register\/business\" class=\"mwm-button mwm-button--fill mwm-button--terciary mwm-button--sm mwm-button--active-focus\" target=\"_blank\" rel=\"noopener noreferrer\"><span class=\"mwm-button__text\">Start registration<\/span><\/a>\t\t\t\t\t\t<\/div>\n\t\t\t\t\t\t\t\t\t<\/div>\n\t\t\t\t\t<\/div>\n\t<\/article>\n\t\t<article class=\"mwm-card-05 mwm-card-05--bg-grey mwm-card-05--media-logo\">\n\t\t<div class=\"mwm-card-05__wrapper\">\n\t\t\t\t\t\t\t<div class=\"mwm-card-05__media\">\n\t\t\t\t\t\t\t\t\t\t\t<a href=\"https:\/\/panel.bilky.es\/register\/employee\" target=\"_blank\" rel=\"noopener noreferrer\"><\/a>\n\t\t\t\t\t\t\t\t\t\t<img loading=\"lazy\" decoding=\"async\" width=\"271\" height=\"146\" src=\"https:\/\/bilky.es\/wp-content\/uploads\/2026\/01\/icon-circle-empresa-autonomo-bilky-3.svg\" class=\"attachment-full size-full\" alt=\"Employee\" \/>\t\t\t\t<\/div>\n\t\t\t\n\t\t\t\t\t\t\t<div class=\"mwm-card-05__content\">\n\t\t\t\t\t<h3 class=\"mwm-card-05__title is-style-h-300\">\n\t\t\t\t\t\tEmployee\t\t\t\t\t<\/h3>\n\n\t\t\t\t\t\n\t\t\t\t\t\t\t\t\t\t\t<div class=\"mwm-card-05__button\">\n\t\t\t\t\t\t\t<a href=\"https:\/\/panel.bilky.es\/register\/employee\" class=\"mwm-button mwm-button--fill mwm-button--terciary mwm-button--sm mwm-button--active-focus\" target=\"_blank\" rel=\"noopener noreferrer\"><span class=\"mwm-button__text\">Start registration<\/span><\/a>\t\t\t\t\t\t<\/div>\n\t\t\t\t\t\t\t\t\t<\/div>\n\t\t\t\t\t<\/div>\n\t<\/article>\n\t\t\t<\/div>\n\t\t\t<\/div>\n<\/section>\n<\/div><\/div>\n\n\n\n<p><\/p>","protected":false},"excerpt":{"rendered":"","protected":false},"author":7,"featured_media":0,"parent":0,"menu_order":0,"comment_status":"closed","ping_status":"closed","template":"","meta":{"_acf_changed":false,"_editorskit_title_hidden":false,"_editorskit_reading_time":0,"_editorskit_is_block_options_detached":false,"_editorskit_block_options_position":"{}","inline_featured_image":false,"footnotes":""},"class_list":["post-1298","page","type-page","status-publish","hentry"],"acf":[],"yoast_head":"<!-- This site is optimized with the Yoast SEO plugin v27.3 - https:\/\/yoast.com\/product\/yoast-seo-wordpress\/ -->\n<title>Bilky | Crear cuenta y empezar en la plataforma online<\/title>\n<meta name=\"description\" content=\"Crea tu cuenta en Bilky y accede a la plataforma conectada para asesor\u00edas, empresas y aut\u00f3nomos. Empieza a trabajar desde un \u00fanico entorno.\" \/>\n<meta name=\"robots\" content=\"index, follow, max-snippet:-1, max-image-preview:large, max-video-preview:-1\" \/>\n<link rel=\"canonical\" href=\"https:\/\/bilky.es\/en\/register\/\" \/>\n<meta property=\"og:locale\" content=\"en_US\" \/>\n<meta property=\"og:type\" content=\"article\" \/>\n<meta property=\"og:title\" content=\"Crea tu cuenta en Bilky\" \/>\n<meta property=\"og:description\" content=\"Accede a la plataforma Bilky y comienza a trabajar en un entorno conectado para asesor\u00edas, empresas y aut\u00f3nomos.\" \/>\n<meta property=\"og:url\" content=\"https:\/\/bilky.es\/en\/register\/\" \/>\n<meta property=\"og:site_name\" content=\"Bilky\" \/>\n<meta property=\"article:modified_time\" content=\"2026-02-12T16:12:12+00:00\" \/>\n<meta property=\"og:image\" content=\"https:\/\/bilky.es\/wp-content\/uploads\/2026\/02\/bilky-toda-tu-gestion-un-solo-portal.webp\" \/>\n\t<meta property=\"og:image:width\" content=\"6022\" \/>\n\t<meta property=\"og:image:height\" content=\"3389\" \/>\n\t<meta property=\"og:image:type\" content=\"image\/webp\" \/>\n<meta name=\"twitter:card\" content=\"summary_large_image\" \/>\n<script type=\"application\/ld+json\" class=\"yoast-schema-graph\">{\"@context\":\"https:\\\/\\\/schema.org\",\"@graph\":[{\"@type\":\"WebPage\",\"@id\":\"https:\\\/\\\/bilky.es\\\/registrar\\\/\",\"url\":\"https:\\\/\\\/bilky.es\\\/registrar\\\/\",\"name\":\"Bilky | Crear cuenta y empezar en la plataforma online\",\"isPartOf\":{\"@id\":\"https:\\\/\\\/bilky.es\\\/#website\"},\"datePublished\":\"2026-01-22T15:12:39+00:00\",\"dateModified\":\"2026-02-12T16:12:12+00:00\",\"description\":\"Crea tu cuenta en Bilky y accede a la plataforma conectada para asesor\u00edas, empresas y aut\u00f3nomos. Empieza a trabajar desde un \u00fanico entorno.\",\"breadcrumb\":{\"@id\":\"https:\\\/\\\/bilky.es\\\/registrar\\\/#breadcrumb\"},\"inLanguage\":\"en-US\",\"potentialAction\":[{\"@type\":\"ReadAction\",\"target\":[\"https:\\\/\\\/bilky.es\\\/registrar\\\/\"]}]},{\"@type\":\"BreadcrumbList\",\"@id\":\"https:\\\/\\\/bilky.es\\\/registrar\\\/#breadcrumb\",\"itemListElement\":[{\"@type\":\"ListItem\",\"position\":1,\"name\":\"Portada\",\"item\":\"https:\\\/\\\/bilky.es\\\/\"},{\"@type\":\"ListItem\",\"position\":2,\"name\":\"Registrar\"}]},{\"@type\":\"WebSite\",\"@id\":\"https:\\\/\\\/bilky.es\\\/#website\",\"url\":\"https:\\\/\\\/bilky.es\\\/\",\"name\":\"Bilky\",\"description\":\"Toda tu gesti\u00f3n, un solo portal\",\"publisher\":{\"@id\":\"https:\\\/\\\/bilky.es\\\/#organization\"},\"potentialAction\":[{\"@type\":\"SearchAction\",\"target\":{\"@type\":\"EntryPoint\",\"urlTemplate\":\"https:\\\/\\\/bilky.es\\\/?s={search_term_string}\"},\"query-input\":{\"@type\":\"PropertyValueSpecification\",\"valueRequired\":true,\"valueName\":\"search_term_string\"}}],\"inLanguage\":\"en-US\"},{\"@type\":\"Organization\",\"@id\":\"https:\\\/\\\/bilky.es\\\/#organization\",\"name\":\"Bilky\",\"url\":\"https:\\\/\\\/bilky.es\\\/\",\"logo\":{\"@type\":\"ImageObject\",\"inLanguage\":\"en-US\",\"@id\":\"https:\\\/\\\/bilky.es\\\/#\\\/schema\\\/logo\\\/image\\\/\",\"url\":\"https:\\\/\\\/bilky.es\\\/wp-content\\\/uploads\\\/2025\\\/12\\\/logo-bilky.svg\",\"contentUrl\":\"https:\\\/\\\/bilky.es\\\/wp-content\\\/uploads\\\/2025\\\/12\\\/logo-bilky.svg\",\"width\":81,\"height\":32,\"caption\":\"Bilky\"},\"image\":{\"@id\":\"https:\\\/\\\/bilky.es\\\/#\\\/schema\\\/logo\\\/image\\\/\"}}]}<\/script>\n<!-- \/ Yoast SEO plugin. -->","yoast_head_json":{"title":"Bilky | Create account and get started on the online platform","description":"Create your Bilky account and access the connected platform for consulting firms, companies and freelancers. Start working from a single environment.","robots":{"index":"index","follow":"follow","max-snippet":"max-snippet:-1","max-image-preview":"max-image-preview:large","max-video-preview":"max-video-preview:-1"},"canonical":"https:\/\/bilky.es\/en\/register\/","og_locale":"en_US","og_type":"article","og_title":"Crea tu cuenta en Bilky","og_description":"Accede a la plataforma Bilky y comienza a trabajar en un entorno conectado para asesor\u00edas, empresas y aut\u00f3nomos.","og_url":"https:\/\/bilky.es\/en\/register\/","og_site_name":"Bilky","article_modified_time":"2026-02-12T16:12:12+00:00","og_image":[{"width":6022,"height":3389,"url":"https:\/\/bilky.es\/wp-content\/uploads\/2026\/02\/bilky-toda-tu-gestion-un-solo-portal.webp","type":"image\/webp"}],"twitter_card":"summary_large_image","schema":{"@context":"https:\/\/schema.org","@graph":[{"@type":"WebPage","@id":"https:\/\/bilky.es\/registrar\/","url":"https:\/\/bilky.es\/registrar\/","name":"Bilky | Create account and get started on the online platform","isPartOf":{"@id":"https:\/\/bilky.es\/#website"},"datePublished":"2026-01-22T15:12:39+00:00","dateModified":"2026-02-12T16:12:12+00:00","description":"Create your Bilky account and access the connected platform for consulting firms, companies and freelancers. Start working from a single environment.","breadcrumb":{"@id":"https:\/\/bilky.es\/registrar\/#breadcrumb"},"inLanguage":"en-US","potentialAction":[{"@type":"ReadAction","target":["https:\/\/bilky.es\/registrar\/"]}]},{"@type":"BreadcrumbList","@id":"https:\/\/bilky.es\/registrar\/#breadcrumb","itemListElement":[{"@type":"ListItem","position":1,"name":"Portada","item":"https:\/\/bilky.es\/"},{"@type":"ListItem","position":2,"name":"Registrar"}]},{"@type":"WebSite","@id":"https:\/\/bilky.es\/#website","url":"https:\/\/bilky.es\/","name":"Bilky","description":"All your management, a single portal","publisher":{"@id":"https:\/\/bilky.es\/#organization"},"potentialAction":[{"@type":"SearchAction","target":{"@type":"EntryPoint","urlTemplate":"https:\/\/bilky.es\/?s={search_term_string}"},"query-input":{"@type":"PropertyValueSpecification","valueRequired":true,"valueName":"search_term_string"}}],"inLanguage":"en-US"},{"@type":"Organization","@id":"https:\/\/bilky.es\/#organization","name":"Bilky","url":"https:\/\/bilky.es\/","logo":{"@type":"ImageObject","inLanguage":"en-US","@id":"https:\/\/bilky.es\/#\/schema\/logo\/image\/","url":"https:\/\/bilky.es\/wp-content\/uploads\/2025\/12\/logo-bilky.svg","contentUrl":"https:\/\/bilky.es\/wp-content\/uploads\/2025\/12\/logo-bilky.svg","width":81,"height":32,"caption":"Bilky"},"image":{"@id":"https:\/\/bilky.es\/#\/schema\/logo\/image\/"}}]}},"jetpack_sharing_enabled":true,"jetpack_shortlink":"https:\/\/wp.me\/Ph5pxc-kW","_links":{"self":[{"href":"https:\/\/bilky.es\/en\/wp-json\/wp\/v2\/pages\/1298","targetHints":{"allow":["GET"]}}],"collection":[{"href":"https:\/\/bilky.es\/en\/wp-json\/wp\/v2\/pages"}],"about":[{"href":"https:\/\/bilky.es\/en\/wp-json\/wp\/v2\/types\/page"}],"author":[{"embeddable":true,"href":"https:\/\/bilky.es\/en\/wp-json\/wp\/v2\/users\/7"}],"replies":[{"embeddable":true,"href":"https:\/\/bilky.es\/en\/wp-json\/wp\/v2\/comments?post=1298"}],"version-history":[{"count":28,"href":"https:\/\/bilky.es\/en\/wp-json\/wp\/v2\/pages\/1298\/revisions"}],"predecessor-version":[{"id":1941,"href":"https:\/\/bilky.es\/en\/wp-json\/wp\/v2\/pages\/1298\/revisions\/1941"}],"wp:attachment":[{"href":"https:\/\/bilky.es\/en\/wp-json\/wp\/v2\/media?parent=1298"}],"curies":[{"name":"wp","href":"https:\/\/api.w.org\/{rel}","templated":true}]}}